{"id":1271,"date":"2022-07-06T08:58:57","date_gmt":"2022-07-06T06:58:57","guid":{"rendered":"https:\/\/www.hbcvohand.fr\/?page_id=1271"},"modified":"2024-08-12T11:31:03","modified_gmt":"2024-08-12T09:31:03","slug":"barcelone-2022-du-8-au-13-juillet","status":"publish","type":"page","link":"https:\/\/www.hbcvohand.fr\/index.php\/barcelone-2022-du-8-au-13-juillet\/","title":{"rendered":"BARCELONE 2022"},"content":{"rendered":"\n<h2 class=\"wp-block-heading\">LES IMAGES <\/h2>\n\n\n\n<p>Pour consulter les images du voyage \u00e0 Saint Esteve Sesrovires du HBCVO en juillet 2022, cliquez sur ce lien \ud83d\ude42 <a href=\"https:\/\/drive.google.com\/drive\/folders\/1dpcT_KlPdZwuPWa4aUG-XWrbN9KQIHH6\" data-type=\"URL\" data-id=\"https:\/\/drive.google.com\/drive\/folders\/1dpcT_KlPdZwuPWa4aUG-XWrbN9KQIHH6\">https:\/\/drive.google.com\/drive\/folders\/1dpcT_KlPdZwuPWa4aUG-XWrbN9KQIHH6<\/a><\/p>\n\n\n\n<div style=\"height:76px\" aria-hidden=\"true\" class=\"wp-block-spacer\"><\/div>\n\n\n\n<h2 class=\"has-text-align-center wp-block-heading\"><\/h2>\n\n\n<div class=\"wp-block-image\">\n<figure class=\"aligncenter is-resized\"><img loading=\"lazy\" decoding=\"async\" src=\"https:\/\/www.hbcvohand.fr\/wp-content\/uploads\/2022\/06\/image-1024x538.png\" alt=\"\" class=\"wp-image-1262\" width=\"768\" height=\"404\" srcset=\"https:\/\/www.hbcvohand.fr\/wp-content\/uploads\/2022\/06\/image-1024x538.png 1024w, https:\/\/www.hbcvohand.fr\/wp-content\/uploads\/2022\/06\/image-300x158.png 300w, https:\/\/www.hbcvohand.fr\/wp-content\/uploads\/2022\/06\/image-768x404.png 768w, https:\/\/www.hbcvohand.fr\/wp-content\/uploads\/2022\/06\/image-128x67.png 128w, https:\/\/www.hbcvohand.fr\/wp-content\/uploads\/2022\/06\/image-32x17.png 32w, https:\/\/www.hbcvohand.fr\/wp-content\/uploads\/2022\/06\/image.png 1115w\" sizes=\"auto, (max-width: 768px) 100vw, 768px\" \/><figcaption>LA SAISON SE TERMINE. VIVEMENT LE TOURNOI DE BARCELONE CET \u00c9T\u00c9.<br>71 joueurs et 13 accompagnateurs iront se d\u00e9tendre au tournoi de St Est\u00e8ve du 8 au 13 juillet.<br>Matchs, piscine et autres loisirs au programme\u2026<br>Tout le monde est impatient !<\/figcaption><\/figure><\/div>\n\n\n<hr class=\"wp-block-separator has-alpha-channel-opacity\"\/>\n\n\n\n<h2 class=\"has-text-align-center wp-block-heading\">Planning des matchs &#8211; Juillet 2022<\/h2>\n\n\n<div class=\"wp-block-image\">\n<figure class=\"aligncenter size-large\"><a href=\"https:\/\/www.hbcvohand.fr\/wp-content\/uploads\/2022\/07\/SanesCup22-v2.pdf\"><img loading=\"lazy\" decoding=\"async\" width=\"1024\" height=\"724\" src=\"https:\/\/www.hbcvohand.fr\/wp-content\/uploads\/2022\/07\/SanesCup22-v2-pdf-1024x724.jpg\" alt=\"\" class=\"wp-image-1273\"\/><\/a><figcaption>Cliquer sur l&rsquo;image pour t\u00e9l\u00e9charger le planning des 4 jours<\/figcaption><\/figure><\/div>\n\n\n<figure class=\"wp-block-image size-large is-resized\"><img loading=\"lazy\" decoding=\"async\" src=\"https:\/\/www.hbcvohand.fr\/wp-content\/uploads\/2023\/03\/Categories-Barcelone-22-1024x1024.png\" alt=\"\" class=\"wp-image-1599\" width=\"394\" height=\"394\" srcset=\"https:\/\/www.hbcvohand.fr\/wp-content\/uploads\/2023\/03\/Categories-Barcelone-22-1024x1024.png 1024w, https:\/\/www.hbcvohand.fr\/wp-content\/uploads\/2023\/03\/Categories-Barcelone-22-300x300.png 300w, https:\/\/www.hbcvohand.fr\/wp-content\/uploads\/2023\/03\/Categories-Barcelone-22-150x150.png 150w, https:\/\/www.hbcvohand.fr\/wp-content\/uploads\/2023\/03\/Categories-Barcelone-22-768x768.png 768w, https:\/\/www.hbcvohand.fr\/wp-content\/uploads\/2023\/03\/Categories-Barcelone-22-128x128.png 128w, https:\/\/www.hbcvohand.fr\/wp-content\/uploads\/2023\/03\/Categories-Barcelone-22-32x32.png 32w, https:\/\/www.hbcvohand.fr\/wp-content\/uploads\/2023\/03\/Categories-Barcelone-22.png 1080w\" sizes=\"auto, (max-width: 394px) 100vw, 394px\" \/><\/figure>\n\n\n\n<hr class=\"wp-block-separator has-alpha-channel-opacity\"\/>\n\n\n\n<div data-wp-interactive=\"core\/file\" class=\"wp-block-file aligncenter\"><object data-wp-bind--hidden=\"!state.hasPdfPreview\" hidden class=\"wp-block-file__embed\" data=\"https:\/\/www.hbcvohand.fr\/wp-content\/uploads\/2022\/07\/Menus-SanesCup-2022.pdf\" type=\"application\/pdf\" style=\"width:100%;height:600px\" aria-label=\"Contenu embarqu\u00e9 Contenu embarqu\u00e9 Menu des 5 jours \u00e0 Barcelone..\"><\/object><a id=\"wp-block-file--media-9fa3dc36-3962-4651-8c24-b6a80a36fe90\" href=\"https:\/\/www.hbcvohand.fr\/wp-content\/uploads\/2022\/07\/Menus-SanesCup-2022.pdf\">Menu des 5 jours \u00e0 Barcelone<\/a><a href=\"https:\/\/www.hbcvohand.fr\/wp-content\/uploads\/2022\/07\/Menus-SanesCup-2022.pdf\" class=\"wp-block-file__button\" download aria-describedby=\"wp-block-file--media-9fa3dc36-3962-4651-8c24-b6a80a36fe90\">T\u00e9l\u00e9charger<\/a><\/div>\n","protected":false},"excerpt":{"rendered":"<p>LES IMAGES Pour consulter les images du voyage \u00e0 Saint Esteve Sesrovires du HBCVO en juillet 2022, cliquez sur ce lien \ud83d\ude42 https:\/\/drive.google.com\/drive\/folders\/1dpcT_KlPdZwuPWa4aUG-XWrbN9KQIHH6 Planning des matchs &#8211; Juillet 2022<\/p>\n","protected":false},"author":1,"featured_media":0,"parent":0,"menu_order":0,"comment_status":"open","ping_status":"closed","template":"template-fullwidth.php","meta":{"footnotes":""},"class_list":["post-1271","page","type-page","status-publish","hentry"],"_links":{"self":[{"href":"https:\/\/www.hbcvohand.fr\/index.php\/wp-json\/wp\/v2\/pages\/1271","targetHints":{"allow":["GET"]}}],"collection":[{"href":"https:\/\/www.hbcvohand.fr\/index.php\/wp-json\/wp\/v2\/pages"}],"about":[{"href":"https:\/\/www.hbcvohand.fr\/index.php\/wp-json\/wp\/v2\/types\/page"}],"author":[{"embeddable":true,"href":"https:\/\/www.hbcvohand.fr\/index.php\/wp-json\/wp\/v2\/users\/1"}],"replies":[{"embeddable":true,"href":"https:\/\/www.hbcvohand.fr\/index.php\/wp-json\/wp\/v2\/comments?post=1271"}],"version-history":[{"count":24,"href":"https:\/\/www.hbcvohand.fr\/index.php\/wp-json\/wp\/v2\/pages\/1271\/revisions"}],"predecessor-version":[{"id":1769,"href":"https:\/\/www.hbcvohand.fr\/index.php\/wp-json\/wp\/v2\/pages\/1271\/revisions\/1769"}],"wp:attachment":[{"href":"https:\/\/www.hbcvohand.fr\/index.php\/wp-json\/wp\/v2\/media?parent=1271"}],"curies":[{"name":"wp","href":"https:\/\/api.w.org\/{rel}","templated":true}]}}