{"id":144,"date":"2019-11-15T09:48:37","date_gmt":"2019-11-15T08:48:37","guid":{"rendered":"http:\/\/localhost\/wordpress2p2\/?page_id=143"},"modified":"2024-09-08T10:29:24","modified_gmt":"2024-09-08T08:29:24","slug":"organigramme","status":"publish","type":"page","link":"https:\/\/www.hbcvohand.fr\/index.php\/organigramme\/","title":{"rendered":"Le Bureau \/ Organigramme"},"content":{"rendered":"\n<p class=\"has-text-align-center\"><strong>Bureau directeur :<\/strong><\/p>\n\n\n\n<p class=\"has-text-align-center\"><strong>Pr\u00e9sident <\/strong>: David BOLE DU CHOMONT<\/p>\n\n\n<div class=\"wp-block-image\">\n<figure class=\"aligncenter size-full is-resized\"><img loading=\"lazy\" decoding=\"async\" src=\"https:\/\/www.hbcvohand.fr\/wp-content\/uploads\/2021\/10\/image-1.jpeg\" alt=\"\" class=\"wp-image-1149\" style=\"width:161px;height:161px\" width=\"161\" height=\"161\" srcset=\"https:\/\/www.hbcvohand.fr\/wp-content\/uploads\/2021\/10\/image-1.jpeg 200w, https:\/\/www.hbcvohand.fr\/wp-content\/uploads\/2021\/10\/image-1-150x150.jpeg 150w, https:\/\/www.hbcvohand.fr\/wp-content\/uploads\/2021\/10\/image-1-128x128.jpeg 128w, https:\/\/www.hbcvohand.fr\/wp-content\/uploads\/2021\/10\/image-1-32x32.jpeg 32w\" sizes=\"auto, (max-width: 161px) 100vw, 161px\" \/><\/figure><\/div>\n\n\n<p class=\"has-text-align-center\">V<strong>ice-pr\u00e9sidents<\/strong> :  Richard LEFRANC<\/p>\n\n\n<div class=\"wp-block-image is-style-default\">\n<figure class=\"aligncenter size-full\"><img loading=\"lazy\" decoding=\"async\" width=\"165\" height=\"217\" src=\"https:\/\/www.hbcvohand.fr\/wp-content\/uploads\/2022\/10\/RICHARD-LEFRANC.jpeg\" alt=\"\" class=\"wp-image-1420\" srcset=\"https:\/\/www.hbcvohand.fr\/wp-content\/uploads\/2022\/10\/RICHARD-LEFRANC.jpeg 165w, https:\/\/www.hbcvohand.fr\/wp-content\/uploads\/2022\/10\/RICHARD-LEFRANC-97x128.jpeg 97w, https:\/\/www.hbcvohand.fr\/wp-content\/uploads\/2022\/10\/RICHARD-LEFRANC-24x32.jpeg 24w\" sizes=\"auto, (max-width: 165px) 100vw, 165px\" \/><\/figure><\/div>\n\n\n<p class=\"has-text-align-center\"><strong>Tr\u00e9soriers <\/strong>: Isabelle STECK<\/p>\n\n\n\n<figure class=\"wp-block-image size-full is-resized is-style-default\"><img loading=\"lazy\" decoding=\"async\" src=\"https:\/\/www.hbcvohand.fr\/wp-content\/uploads\/2023\/10\/STECK.jpeg\" alt=\"\" class=\"wp-image-1698\" style=\"width:198px;height:198px\" width=\"198\" height=\"198\" srcset=\"https:\/\/www.hbcvohand.fr\/wp-content\/uploads\/2023\/10\/STECK.jpeg 76w, https:\/\/www.hbcvohand.fr\/wp-content\/uploads\/2023\/10\/STECK-32x32.jpeg 32w\" sizes=\"auto, (max-width: 198px) 100vw, 198px\" \/><\/figure>\n\n\n\n<p><strong>Secr\u00e9taire <\/strong>: Linda OUDART et Emmanuelle GRENOUILLET  <\/p>\n\n\n\n<div style=\"height:12px\" aria-hidden=\"true\" class=\"wp-block-spacer\"><\/div>\n\n\n\n<p class=\"has-text-align-center\"><strong>Communication <\/strong>:  Laurent COQUIARD, Fabrice MAGIER<\/p>\n\n\n\n<div style=\"height:12px\" aria-hidden=\"true\" class=\"wp-block-spacer\"><\/div>\n\n\n\n<hr class=\"wp-block-separator has-alpha-channel-opacity\"\/>\n\n\n\n<p><strong>Autres membres du Bureau Directeur<\/strong>  : Fr\u00e9d\u00e9rique CLERC, , Thibaut COSMAI, Damien GRENOUILLET, Emmnauelle GRENOUILLET, Karelle BOL DU CHOMONT, Jean Fran\u00e7ois CLEMENT.<\/p>\n","protected":false},"excerpt":{"rendered":"<p>Bureau directeur : Pr\u00e9sident : David BOLE DU CHOMONT Vice-pr\u00e9sidents : Richard LEFRANC Tr\u00e9soriers : Isabelle STECK Secr\u00e9taire : Linda OUDART et Emmanuelle GRENOUILLET Communication : Laurent COQUIARD, Fabrice MAGIER Autres membres du Bureau Directeur : Fr\u00e9d\u00e9rique CLERC, , Thibaut COSMAI, Damien GRENOUILLET, Emmnauelle GRENOUILLET, Karelle BOL DU CHOMONT, Jean Fran\u00e7ois CLEMENT.<\/p>\n","protected":false},"author":2,"featured_media":0,"parent":0,"menu_order":0,"comment_status":"closed","ping_status":"closed","template":"","meta":{"footnotes":""},"class_list":["post-144","page","type-page","status-publish","hentry"],"_links":{"self":[{"href":"https:\/\/www.hbcvohand.fr\/index.php\/wp-json\/wp\/v2\/pages\/144","targetHints":{"allow":["GET"]}}],"collection":[{"href":"https:\/\/www.hbcvohand.fr\/index.php\/wp-json\/wp\/v2\/pages"}],"about":[{"href":"https:\/\/www.hbcvohand.fr\/index.php\/wp-json\/wp\/v2\/types\/page"}],"author":[{"embeddable":true,"href":"https:\/\/www.hbcvohand.fr\/index.php\/wp-json\/wp\/v2\/users\/2"}],"replies":[{"embeddable":true,"href":"https:\/\/www.hbcvohand.fr\/index.php\/wp-json\/wp\/v2\/comments?post=144"}],"version-history":[{"count":10,"href":"https:\/\/www.hbcvohand.fr\/index.php\/wp-json\/wp\/v2\/pages\/144\/revisions"}],"predecessor-version":[{"id":1869,"href":"https:\/\/www.hbcvohand.fr\/index.php\/wp-json\/wp\/v2\/pages\/144\/revisions\/1869"}],"wp:attachment":[{"href":"https:\/\/www.hbcvohand.fr\/index.php\/wp-json\/wp\/v2\/media?parent=144"}],"curies":[{"name":"wp","href":"https:\/\/api.w.org\/{rel}","templated":true}]}}