{"id":17,"date":"2019-10-16T12:15:52","date_gmt":"2019-10-16T10:15:52","guid":{"rendered":"http:\/\/localhost\/wordpress2p2\/?page_id=12"},"modified":"2025-07-18T10:40:07","modified_gmt":"2025-07-18T08:40:07","slug":"les-equipes","status":"publish","type":"page","link":"https:\/\/www.hbcvohand.fr\/index.php\/les-equipes\/","title":{"rendered":"Les \u00e9quipes"},"content":{"rendered":"\n<figure class=\"wp-block-table\"><table class=\"has-fixed-layout\"><tbody><tr><td><a href=\"https:\/\/www.hbcvohand.fr\/index.php\/baby-hand\/\" data-type=\"page\" data-id=\"2095\">Baby-Hand \/ U7<\/a><\/td><td><a href=\"https:\/\/www.hbcvohand.fr\/index.php\/ecole-de-hand\/\" data-type=\"page\" data-id=\"44\">U9<\/a><\/td><\/tr><tr><td><a href=\"https:\/\/www.hbcvohand.fr\/index.php\/11-filles\/\" data-type=\"page\" data-id=\"467\">-11 Filles (U11F)<\/a><\/td><td><a href=\"https:\/\/www.hbcvohand.fr\/index.php\/11-garcons\/\" data-type=\"page\" data-id=\"49\">-11 Gar\u00e7ons (U11G)<\/a><\/td><\/tr><tr><td><a href=\"https:\/\/www.hbcvohand.fr\/index.php\/13-filles\/\" data-type=\"page\" data-id=\"404\">-13 Filles (U13F)<\/a><\/td><td><a href=\"https:\/\/www.hbcvohand.fr\/index.php\/13-garcons\/\" data-type=\"page\" data-id=\"52\">-13 Gar\u00e7ons (U13G)<\/a><\/td><\/tr><tr><td><a href=\"https:\/\/www.hbcvohand.fr\/index.php\/15-filles-2\/\" data-type=\"page\" data-id=\"406\">-15 Filles (U15F)<\/a><\/td><td><a href=\"https:\/\/www.hbcvohand.fr\/index.php\/15-garcons\/\" data-type=\"page\" data-id=\"54\">-15 Gar\u00e7ons (U15G)<\/a><\/td><\/tr><tr><td><a href=\"https:\/\/www.hbcvohand.fr\/index.php\/18-filles\/\" data-type=\"page\" data-id=\"56\">-18 Filles (U18F)<\/a><\/td><td><a href=\"https:\/\/www.hbcvohand.fr\/index.php\/18-garcons\/\" data-type=\"page\" data-id=\"57\">-18 Gar\u00e7ons (U18G)<\/a><\/td><\/tr><tr><td><a href=\"https:\/\/www.hbcvohand.fr\/index.php\/seniors-filles\/\" data-type=\"page\" data-id=\"58\">Seniors Filles (SF)<\/a><\/td><td><a href=\"https:\/\/www.hbcvohand.fr\/index.php\/seniors-garcons\/\" data-type=\"page\" data-id=\"59\">Seniors Gar\u00e7ons (SG)<\/a><\/td><\/tr><tr><td><a href=\"https:\/\/www.hbcvohand.fr\/index.php\/corpo\/\" data-type=\"page\" data-id=\"254\">Loisir<\/a><\/td><td><a href=\"https:\/\/www.hbcvohand.fr\/index.php\/handfit\/\" data-type=\"page\" data-id=\"2149\">Handfit<\/a><\/td><\/tr><\/tbody><\/table><\/figure>\n\n\n\n<p><\/p>\n","protected":false},"excerpt":{"rendered":"<p>Baby-Hand \/ U7 U9 -11 Filles (U11F) -11 Gar\u00e7ons (U11G) -13 Filles (U13F) -13 Gar\u00e7ons (U13G) -15 Filles (U15F) -15 Gar\u00e7ons (U15G) -18 Filles (U18F) -18 Gar\u00e7ons (U18G) Seniors Filles (SF) Seniors Gar\u00e7ons (SG) Loisir Handfit<\/p>\n","protected":false},"author":2,"featured_media":0,"parent":0,"menu_order":0,"comment_status":"closed","ping_status":"closed","template":"","meta":{"footnotes":""},"class_list":["post-17","page","type-page","status-publish","hentry"],"_links":{"self":[{"href":"https:\/\/www.hbcvohand.fr\/index.php\/wp-json\/wp\/v2\/pages\/17","targetHints":{"allow":["GET"]}}],"collection":[{"href":"https:\/\/www.hbcvohand.fr\/index.php\/wp-json\/wp\/v2\/pages"}],"about":[{"href":"https:\/\/www.hbcvohand.fr\/index.php\/wp-json\/wp\/v2\/types\/page"}],"author":[{"embeddable":true,"href":"https:\/\/www.hbcvohand.fr\/index.php\/wp-json\/wp\/v2\/users\/2"}],"replies":[{"embeddable":true,"href":"https:\/\/www.hbcvohand.fr\/index.php\/wp-json\/wp\/v2\/comments?post=17"}],"version-history":[{"count":2,"href":"https:\/\/www.hbcvohand.fr\/index.php\/wp-json\/wp\/v2\/pages\/17\/revisions"}],"predecessor-version":[{"id":2153,"href":"https:\/\/www.hbcvohand.fr\/index.php\/wp-json\/wp\/v2\/pages\/17\/revisions\/2153"}],"wp:attachment":[{"href":"https:\/\/www.hbcvohand.fr\/index.php\/wp-json\/wp\/v2\/media?parent=17"}],"curies":[{"name":"wp","href":"https:\/\/api.w.org\/{rel}","templated":true}]}}