{"id":19,"date":"2019-10-16T12:15:52","date_gmt":"2019-10-16T10:15:52","guid":{"rendered":"http:\/\/localhost\/wordpress2p2\/?page_id=15"},"modified":"2025-10-14T11:34:47","modified_gmt":"2025-10-14T09:34:47","slug":"boutique","status":"publish","type":"page","link":"https:\/\/www.hbcvohand.fr\/index.php\/boutique\/","title":{"rendered":"Boutique"},"content":{"rendered":"\n<figure class=\"wp-block-image size-full\"><img loading=\"lazy\" decoding=\"async\" width=\"1080\" height=\"1350\" src=\"https:\/\/www.hbcvohand.fr\/wp-content\/uploads\/2025\/10\/HBCVO_Boutique.jpeg\" alt=\"\" class=\"wp-image-2204\" srcset=\"https:\/\/www.hbcvohand.fr\/wp-content\/uploads\/2025\/10\/HBCVO_Boutique.jpeg 1080w, https:\/\/www.hbcvohand.fr\/wp-content\/uploads\/2025\/10\/HBCVO_Boutique-240x300.jpeg 240w, https:\/\/www.hbcvohand.fr\/wp-content\/uploads\/2025\/10\/HBCVO_Boutique-819x1024.jpeg 819w, https:\/\/www.hbcvohand.fr\/wp-content\/uploads\/2025\/10\/HBCVO_Boutique-768x960.jpeg 768w\" sizes=\"auto, (max-width: 1080px) 100vw, 1080px\" \/><\/figure>\n\n\n\n<p><a href=\"https:\/\/erima.shop\/hbc-val-d-ognon\">https:\/\/erima.shop\/hbc-val-d-ognon<\/a><\/p>\n\n\n\n<p>Chers adh\u00e9rents, licenci\u00e9s, supporters, parents, <br>La boutique officielle du HBCVO est ouverte toute l&rsquo;ann\u00e9e. Vous pouvez vous procurer une multitude d&rsquo;articles aux couleurs de notre Club.<\/p>\n\n\n\n<p>C&rsquo;est SIMPLE et RAPIDE :<\/p>\n\n\n\n<ul class=\"wp-block-list\">\n<li>ESSAYAGE &amp; TAILLE<\/li>\n<\/ul>\n\n\n\n<p>Des v\u00eatements d&rsquo;essayage (Maillot ou short) sont disponibles au gymnase Jean Thiriat pour vous permettre de valider si besoin la taille \u00e0 commander. N&rsquo;h\u00e9sitez pas \u00e0 demander au coach de vous pr\u00e9senter le portant.<br>Attention : Les tailles femmes sont indiqu\u00e9es en taille \u00ab\u00a0allemande\u00a0\u00bb sur les articles textiles. Il faut commander cette taille sur le site Erima.<\/p>\n\n\n\n<ul class=\"wp-block-list\">\n<li>COMMANDE<\/li>\n<\/ul>\n\n\n\n<p>Nous vous proposons de passer vos commandes directement sur le site (lien ou QR code ci-dessus).<br>Plusieurs coloris peuvent \u00eatre propos\u00e9s en fonction de l&rsquo;article, n&rsquo;h\u00e9sitez pas \u00e0 les faire d\u00e9filer.<br>Un indicateur de couleur sur les tailles vous permettra de voir la disponibilit\u00e9 de l&rsquo;article.<\/p>\n\n\n\n<ul class=\"wp-block-list\">\n<li>LIVRAISON &amp; RECEPTION<\/li>\n<\/ul>\n\n\n\n<p>Les commandes sont directement collect\u00e9es par notre partenaire (G\u00e9ant du Foot \u00e0 Franois) qui pr\u00e9parera votre commande (Flocage au besoin) sous 3 semaines.<br>Notre partenaire vous contactera par t\u00e9l\u00e9phone ou SMS pour r\u00e9cup\u00e9rer votre commande pr\u00e9par\u00e9e au magasin du GEANT DU FOOT, Rte de Besan\u00e7on, 25770 FRANOIS.<\/p>\n\n\n\n<ol class=\"wp-block-list\"><\/ol>\n\n\n\n<p>En cas de probl\u00e8me ou question nous sommes bien s\u00fbr \u00e0 votre disposition pour y r\u00e9pondre !<br>A bient\u00f4t<br>Le HBCVO<\/p>\n\n\n\n<figure class=\"wp-block-image size-large is-style-default\"><img loading=\"lazy\" decoding=\"async\" width=\"1024\" height=\"514\" src=\"https:\/\/www.hbcvohand.fr\/wp-content\/uploads\/2024\/09\/image-12-1024x514.png\" alt=\"\" class=\"wp-image-1926\" srcset=\"https:\/\/www.hbcvohand.fr\/wp-content\/uploads\/2024\/09\/image-12-1024x514.png 1024w, https:\/\/www.hbcvohand.fr\/wp-content\/uploads\/2024\/09\/image-12-300x151.png 300w, https:\/\/www.hbcvohand.fr\/wp-content\/uploads\/2024\/09\/image-12-768x385.png 768w, https:\/\/www.hbcvohand.fr\/wp-content\/uploads\/2024\/09\/image-12-1536x771.png 1536w, https:\/\/www.hbcvohand.fr\/wp-content\/uploads\/2024\/09\/image-12.png 1640w\" sizes=\"auto, (max-width: 1024px) 100vw, 1024px\" \/><\/figure>\n\n\n\n<div style=\"height:68px\" aria-hidden=\"true\" class=\"wp-block-spacer\"><\/div>\n\n\n<div class=\"wp-block-image\">\n<figure class=\"aligncenter size-large\"><img loading=\"lazy\" decoding=\"async\" width=\"1024\" height=\"622\" src=\"https:\/\/www.hbcvohand.fr\/wp-content\/uploads\/2024\/09\/image-14-1024x622.png\" alt=\"\" class=\"wp-image-1928\" srcset=\"https:\/\/www.hbcvohand.fr\/wp-content\/uploads\/2024\/09\/image-14-1024x622.png 1024w, https:\/\/www.hbcvohand.fr\/wp-content\/uploads\/2024\/09\/image-14-300x182.png 300w, https:\/\/www.hbcvohand.fr\/wp-content\/uploads\/2024\/09\/image-14-768x466.png 768w, https:\/\/www.hbcvohand.fr\/wp-content\/uploads\/2024\/09\/image-14.png 1321w\" sizes=\"auto, (max-width: 1024px) 100vw, 1024px\" \/><\/figure><\/div>","protected":false},"excerpt":{"rendered":"<p>https:\/\/erima.shop\/hbc-val-d-ognon Chers adh\u00e9rents, licenci\u00e9s, supporters, parents, La boutique officielle du HBCVO est ouverte toute l&rsquo;ann\u00e9e. Vous pouvez vous procurer une multitude d&rsquo;articles aux couleurs de notre Club. C&rsquo;est SIMPLE et RAPIDE : Des v\u00eatements d&rsquo;essayage (Maillot ou short) sont disponibles au gymnase Jean Thiriat pour vous permettre de valider si besoin la taille \u00e0 commander. [&hellip;]<\/p>\n","protected":false},"author":1,"featured_media":0,"parent":0,"menu_order":0,"comment_status":"closed","ping_status":"closed","template":"","meta":{"footnotes":"[]"},"class_list":["post-19","page","type-page","status-publish","hentry"],"_links":{"self":[{"href":"https:\/\/www.hbcvohand.fr\/index.php\/wp-json\/wp\/v2\/pages\/19","targetHints":{"allow":["GET"]}}],"collection":[{"href":"https:\/\/www.hbcvohand.fr\/index.php\/wp-json\/wp\/v2\/pages"}],"about":[{"href":"https:\/\/www.hbcvohand.fr\/index.php\/wp-json\/wp\/v2\/types\/page"}],"author":[{"embeddable":true,"href":"https:\/\/www.hbcvohand.fr\/index.php\/wp-json\/wp\/v2\/users\/1"}],"replies":[{"embeddable":true,"href":"https:\/\/www.hbcvohand.fr\/index.php\/wp-json\/wp\/v2\/comments?post=19"}],"version-history":[{"count":24,"href":"https:\/\/www.hbcvohand.fr\/index.php\/wp-json\/wp\/v2\/pages\/19\/revisions"}],"predecessor-version":[{"id":2207,"href":"https:\/\/www.hbcvohand.fr\/index.php\/wp-json\/wp\/v2\/pages\/19\/revisions\/2207"}],"wp:attachment":[{"href":"https:\/\/www.hbcvohand.fr\/index.php\/wp-json\/wp\/v2\/media?parent=19"}],"curies":[{"name":"wp","href":"https:\/\/api.w.org\/{rel}","templated":true}]}}