{"id":2095,"date":"2025-07-10T15:12:50","date_gmt":"2025-07-10T13:12:50","guid":{"rendered":"https:\/\/www.hbcvohand.fr\/?page_id=2095"},"modified":"2025-07-19T14:21:36","modified_gmt":"2025-07-19T12:21:36","slug":"baby-hand","status":"publish","type":"page","link":"https:\/\/www.hbcvohand.fr\/index.php\/baby-hand\/","title":{"rendered":"Baby-Hand \/ U7"},"content":{"rendered":"\n<div class=\"wp-block-group\"><div class=\"wp-block-group__inner-container is-layout-flow wp-block-group-is-layout-flow\">\n<p><strong>Ann\u00e9es de naissance <\/strong>: <br>Baby-Hand : jusqu&rsquo;\u00e0 5 ans (=&lt; 2021)<br>U7 : 2020 &#8211; 2019<\/p>\n\n\n\n<p><strong>Entra\u00eeneurs :<\/strong> <br>Baby-Hand : Cl\u00e9mence Ber\u00e7ot ; Oph\u00e9lie Crausaz<br>U7 : Cl\u00e9mence Ber\u00e7ot ; Oph\u00e9lie Crausaz ; Louise Bargot ; Elsa Cadaze ; Loane Vogenhauer-Steck<\/p>\n\n\n\n<p><strong>Entra\u00eenements :<\/strong><br><a href=\"https:\/\/www.hbcvohand.fr\/index.php\/planning-des-entrainements\/\" data-type=\"page\" data-id=\"2035\">Planning des entra\u00eenements 2025-2026<\/a><\/p>\n\n\n\n<figure class=\"wp-block-image size-full\"><img loading=\"lazy\" decoding=\"async\" width=\"678\" height=\"25\" src=\"https:\/\/www.hbcvohand.fr\/wp-content\/uploads\/2025\/07\/Contacts_HBCVO.png\" alt=\"\" class=\"wp-image-2160\" srcset=\"https:\/\/www.hbcvohand.fr\/wp-content\/uploads\/2025\/07\/Contacts_HBCVO.png 678w, https:\/\/www.hbcvohand.fr\/wp-content\/uploads\/2025\/07\/Contacts_HBCVO-300x11.png 300w\" sizes=\"auto, (max-width: 678px) 100vw, 678px\" \/><\/figure>\n<\/div><\/div>\n\n\n\n<p><\/p>\n","protected":false},"excerpt":{"rendered":"<p>Ann\u00e9es de naissance : Baby-Hand : jusqu&rsquo;\u00e0 5 ans (=&lt; 2021)U7 : 2020 &#8211; 2019 Entra\u00eeneurs : Baby-Hand : Cl\u00e9mence Ber\u00e7ot ; Oph\u00e9lie CrausazU7 : Cl\u00e9mence Ber\u00e7ot ; Oph\u00e9lie Crausaz ; Louise Bargot ; Elsa Cadaze ; Loane Vogenhauer-Steck Entra\u00eenements :Planning des entra\u00eenements 2025-2026<\/p>\n","protected":false},"author":1,"featured_media":0,"parent":0,"menu_order":0,"comment_status":"closed","ping_status":"closed","template":"","meta":{"footnotes":""},"class_list":["post-2095","page","type-page","status-publish","hentry"],"_links":{"self":[{"href":"https:\/\/www.hbcvohand.fr\/index.php\/wp-json\/wp\/v2\/pages\/2095","targetHints":{"allow":["GET"]}}],"collection":[{"href":"https:\/\/www.hbcvohand.fr\/index.php\/wp-json\/wp\/v2\/pages"}],"about":[{"href":"https:\/\/www.hbcvohand.fr\/index.php\/wp-json\/wp\/v2\/types\/page"}],"author":[{"embeddable":true,"href":"https:\/\/www.hbcvohand.fr\/index.php\/wp-json\/wp\/v2\/users\/1"}],"replies":[{"embeddable":true,"href":"https:\/\/www.hbcvohand.fr\/index.php\/wp-json\/wp\/v2\/comments?post=2095"}],"version-history":[{"count":9,"href":"https:\/\/www.hbcvohand.fr\/index.php\/wp-json\/wp\/v2\/pages\/2095\/revisions"}],"predecessor-version":[{"id":2170,"href":"https:\/\/www.hbcvohand.fr\/index.php\/wp-json\/wp\/v2\/pages\/2095\/revisions\/2170"}],"wp:attachment":[{"href":"https:\/\/www.hbcvohand.fr\/index.php\/wp-json\/wp\/v2\/media?parent=2095"}],"curies":[{"name":"wp","href":"https:\/\/api.w.org\/{rel}","templated":true}]}}