{"id":21,"date":"2019-10-16T12:15:52","date_gmt":"2019-10-16T10:15:52","guid":{"rendered":"http:\/\/localhost\/wordpress2p2\/?page_id=17"},"modified":"2021-06-04T18:53:00","modified_gmt":"2021-06-04T16:53:00","slug":"nos-partenaires","status":"publish","type":"page","link":"https:\/\/www.hbcvohand.fr\/index.php\/nos-partenaires\/","title":{"rendered":"Nos partenaires"},"content":{"rendered":"<p><img loading=\"lazy\" decoding=\"async\" class=\"alignright wp-image-290 \" src=\"http:\/\/localhost\/wordpress2p2\/wp-content\/uploads\/2019\/12\/SRH-energie-212x300.png\" alt=\"\" width=\"176\" height=\"249\" \/><\/p>\n<p><strong>SRH \u00e9nergies<\/strong> : \u00ab\u00a0Que vous veniez en tant que particulier ou pour le compte d\u2019une collectivit\u00e9, prenez <strong>contact avec nos plombiers chauffagistes pr\u00e8s de Besan\u00e7on<\/strong>. Nos professionnels sauront vous orienter quelle que soit votre demande et pourront vous proposer un devis gratuit de plomberie chauffage. Laissez-nous vos coordonn\u00e9es, nous r\u00e9pondrons sans tarder.\u00a0\u00bb<\/p>\n<div class=\"text-resize\">\n<p>7 B, grande rue &#8211; 25410\u00a0\u00a0Corcondray<\/p>\n<\/div>\n<hr \/>\n<p><img loading=\"lazy\" decoding=\"async\" class=\"alignright wp-image-289 \" src=\"http:\/\/localhost\/wordpress2p2\/wp-content\/uploads\/2019\/12\/century-21-212x300.png\" alt=\"\" width=\"181\" height=\"256\" \/><strong>Century 21<\/strong> : \u00ab\u00a0Notre agence Century 21 Chaprais Immobilier \u00e0 Besan\u00e7on se situe au 06 rue de Belfort. Implant\u00e9e dans le m\u00eame quartier depuis 31 ans ( proche de la Gare et \u00e0 5 mn du Centre ville) nous sommes sp\u00e9cialis\u00e9 dans la Transaction et la Gestion Locative principalement sur Besan\u00e7on et 15 km aux alentours.<\/p>\n<p>Pour vous satisfaire, 14 personnes sont \u00e0 votre service du lundi au vendredi de 9h \u00e0 12h et de 14h a 18h00 et le samedi de 9h \u00e0 12h, l&rsquo;apr\u00e9s midi sur rendez-vous.\u00a0\u00bb<\/p>\n<hr \/>\n<div class=\"text-resize\">\n<p><img loading=\"lazy\" decoding=\"async\" class=\"alignright wp-image-232 \" src=\"http:\/\/localhost\/wordpress2p2\/wp-content\/uploads\/2019\/11\/pro-active-rhhhh-Copie-212x300.png\" alt=\"\" width=\"177\" height=\"251\" \/><\/p>\n<\/div>\n<div class=\"text-resize\">\n<p><strong>Proactive RH<\/strong> : Agence d\u2019emploi locale \u00e0 rayonnement r\u00e9gional, votre agence Proactive RH \u00e0 Besan\u00e7on, vous accueille en semaine avec ou sans rendez-vous.<\/p>\n<p>Compos\u00e9 de professionnels r\u00e9guli\u00e8rement form\u00e9s, le personnel permanent de nos agences actives pour l\u2019emploi, allie le conseil et l\u2019op\u00e9rationnel pour r\u00e9pondre \u00e0 vos attentes du lundi au vendredi<br \/>\n08H00 \u00e0 12H00 &#8211; 14H00 \u00e0 18H00 au 58\/60 rue de Vesoul<br \/>\n25000 Besan\u00e7on.<\/p>\n<\/div>\n<hr \/>\n<div><img loading=\"lazy\" decoding=\"async\" class=\"alignright wp-image-229 \" src=\"http:\/\/localhost\/wordpress2p2\/wp-content\/uploads\/2019\/11\/SUPER-U-DEVECEY-1-300x212.png\" alt=\"\" width=\"270\" height=\"191\" \/><strong>Super U<\/strong> : \u00ab\u00a0Votre Super U de DEVECEY vous accueille sur son vaste parking avec ses places ultra large, ses places \u00ab\u00a0jeune maman\u00a0\u00bb et handicap\u00e9s.<\/div>\n<div><\/div>\n<div>Station service 24h \/ 24h\/Service de Location U\/Ouverture le dimanche matin.\u00a0\u00bb<\/div>\n<div>Route de BONNAY &#8211; 25870 DEVECEY<\/div>\n<div><\/div>\n<div><\/div>\n<div>\n<hr \/>\n<p><img loading=\"lazy\" decoding=\"async\" class=\"alignright wp-image-227 size-medium\" src=\"http:\/\/localhost\/wordpress2p2\/wp-content\/uploads\/2019\/11\/logo-VP-fermeture-212x300.png\" alt=\"\" width=\"212\" height=\"300\" \/><strong>VP fermeture<\/strong> :\u00a0\u00bbNous sommes fiers de vous pr\u00e9senter sur ces quelques pages, nos exemples de r\u00e9alisations. Depuis plusieurs ann\u00e9es nous avons su nous adapter \u00e0 notre ch\u00e8re client\u00e8le toujours plus nombreuse. Chaque chantier repr\u00e9sente toujours un nouveau d\u00e9fi que nous avons relev\u00e9 et sur lequel le client est toujours le d\u00e9cideur.<\/p>\n<p>Nous assurons un service apr\u00e8s-vente de qualit\u00e9 et nous d\u00e9pla\u00e7ons sur rendez-vous.\u00a0\u00bb<\/p>\n<p>47, Grande Rue &#8211; 25640 RIGNEY<\/p>\n<\/div>\n<hr \/>\n<p><strong><img loading=\"lazy\" decoding=\"async\" class=\"alignright wp-image-136 \" src=\"http:\/\/localhost\/wordpress2p2\/wp-content\/uploads\/2019\/11\/au-fait-25-1-300x225.jpg\" alt=\"\" width=\"261\" height=\"196\" \/>Au fait 25<\/strong> : \u00ab\u00a0Nous sommes une soci\u00e9t\u00e9 par actions simplifi\u00e9e est active depuis 8 ans.<br \/>\nImplant\u00e9e \u00e0 MAMIROLLE (25620), elle est sp\u00e9cialis\u00e9e dans le secteur d&rsquo;activit\u00e9 du commerce de gros (commerce interentreprises) de bois et de mat\u00e9riaux de construction. Son effectif est compris entre 6 et 9 salari\u00e9s.\u00a0\u00bb<\/p>\n<p class=\"adressText\">ZONE INDUSTRIELLE DU NORET &#8211; 25620 MAMIROLLE<\/p>\n<hr \/>\n<p><strong><img loading=\"lazy\" decoding=\"async\" class=\"alignright wp-image-138 \" src=\"http:\/\/localhost\/wordpress2p2\/wp-content\/uploads\/2019\/11\/cr\u00e9dit-agricole-300x225.jpg\" alt=\"\" width=\"218\" height=\"163\" \/>Cr\u00e9dit agricole<\/strong> : \u00ab\u00a0trouvez toutes les informations: horaires d&rsquo;ouverture, adresse, coordonn\u00e9es t\u00e9l\u00e9phoniques de votre agence BESANCON Entreprises du Cr\u00e9dit Agricole Franche-Comt\u00e9, Banque et Assurance. Prenez rendez-vous avec un conseiller pour d\u00e9couvrir nos produits bancaires et d&rsquo;assurances.<\/p>\n<ul>\n<li>Lundi\u00a008h00-12h00 \u00a0 13h30-17h30<\/li>\n<li>Mardi\u00a008h15-12h00 \u00a0 13h30-17h30<\/li>\n<li>Mercredi\u00a009h00-12h00 \u00a0 13h30-17h30<\/li>\n<li>Jeudi\u00a009h00-12h00 \u00a0 13h30-17h30<\/li>\n<li>Vendredi\u00a009h00-12h00 \u00a0 13h30-17h30<\/li>\n<li>Samedi\u00a0ferm\u00e9<\/li>\n<\/ul>\n<hr \/>\n<p><strong><img loading=\"lazy\" decoding=\"async\" class=\"alignright wp-image-110 size-medium\" src=\"http:\/\/localhost\/wordpress2p2\/wp-content\/uploads\/2019\/11\/spa-auto-300x300.jpg\" alt=\"\" width=\"300\" height=\"300\" \/>SPA auto :\u00a0 \u00ab\u00a0<\/strong>fait appel aux toutes derni\u00e8res technologies en mati\u00e8re de lavage auto\u00a0: un tunnel enti\u00e8rement automatis\u00e9 avec 14 \u00e9tapes, utilisant des produits\u00a0performants et bio-d\u00e9gradables\u00a0qui prolongent la brillance et la r\u00e9sistance de votre carrosserie. Nous n\u2019utilisons aucune brosse dure mais uniquement\u00a0des bandelettes de textiles doux\u00a0qui pr\u00e9servent votre voiture (technologie anti-rayures).<br \/>\nSPA auto c\u2019est \u00e9galement l\u2019utilisation d\u2019une technologie r\u00e9volutionnaire, le Lava Intensief, qui optimise l\u2019\u00e9clat et la finition de votre v\u00e9hicule.\u00a0\u00bb<\/p>\n<p><strong>Votre centre est ouvert le dimanche matin, de 9h \u00e0 13h.<\/strong><\/p>\n<hr \/>\n<p class=\"max-lines\"><img loading=\"lazy\" decoding=\"async\" class=\"alignright wp-image-109 \" src=\"http:\/\/localhost\/wordpress2p2\/wp-content\/uploads\/2019\/11\/logo_gdf.jpg\" alt=\"\" width=\"299\" height=\"232\" \/>\u00a0<strong>LE G\u00c9ANT DU FOOT<\/strong> : \u00ab\u00a0il r\u00e9alisera vos s\u00e9ries textiles (surv\u00eatements, sweats, polos, tee-shirts) afin de donner une identit\u00e9 unique \u00e0 votre club (handball, karat\u00e9, etc.). De vrais partenariats avec de grandes marques comme \u00ab\u00a0ADIDAS\u00a0\u00bb et \u00ab\u00a0NIKE \u00bb ont permis d\u2019acqu\u00e9rir une notori\u00e9t\u00e9 dans diff\u00e9rents sports. Retrouvez de nombreux\u00a0maillots des plus grandes \u00e9quipes europ\u00e9ennes\u00a0mais aussi casquettes, \u00e9charpes, ballons et chaussures.\u00a0\u00bb<\/p>\n<p class=\"max-lines\">Ouvert du mardi au vendredi de 9h30 \u00e0 12h et de 14h \u00e0 19h, le samedi de 9h30 \u00e0 18h.<\/p>\n<p class=\"max-lines\">Z.A.C. la Planche &#8211; 25770\u00a0FRANOIS<\/p>\n<div>\n<\/div>\n","protected":false},"excerpt":{"rendered":"<p>SRH \u00e9nergies : \u00ab\u00a0Que vous veniez en tant que particulier ou pour le compte d\u2019une collectivit\u00e9, prenez contact avec nos plombiers chauffagistes pr\u00e8s de Besan\u00e7on. Nos professionnels sauront vous orienter quelle que soit votre demande et pourront vous proposer un devis gratuit de plomberie chauffage. Laissez-nous vos coordonn\u00e9es, nous r\u00e9pondrons sans tarder.\u00a0\u00bb 7 B, grande [&hellip;]<\/p>\n","protected":false},"author":2,"featured_media":0,"parent":0,"menu_order":0,"comment_status":"closed","ping_status":"closed","template":"","meta":{"footnotes":""},"class_list":["post-21","page","type-page","status-publish","hentry"],"_links":{"self":[{"href":"https:\/\/www.hbcvohand.fr\/index.php\/wp-json\/wp\/v2\/pages\/21","targetHints":{"allow":["GET"]}}],"collection":[{"href":"https:\/\/www.hbcvohand.fr\/index.php\/wp-json\/wp\/v2\/pages"}],"about":[{"href":"https:\/\/www.hbcvohand.fr\/index.php\/wp-json\/wp\/v2\/types\/page"}],"author":[{"embeddable":true,"href":"https:\/\/www.hbcvohand.fr\/index.php\/wp-json\/wp\/v2\/users\/2"}],"replies":[{"embeddable":true,"href":"https:\/\/www.hbcvohand.fr\/index.php\/wp-json\/wp\/v2\/comments?post=21"}],"version-history":[{"count":2,"href":"https:\/\/www.hbcvohand.fr\/index.php\/wp-json\/wp\/v2\/pages\/21\/revisions"}],"predecessor-version":[{"id":913,"href":"https:\/\/www.hbcvohand.fr\/index.php\/wp-json\/wp\/v2\/pages\/21\/revisions\/913"}],"wp:attachment":[{"href":"https:\/\/www.hbcvohand.fr\/index.php\/wp-json\/wp\/v2\/media?parent=21"}],"curies":[{"name":"wp","href":"https:\/\/api.w.org\/{rel}","templated":true}]}}