{"id":2149,"date":"2025-07-18T10:31:18","date_gmt":"2025-07-18T08:31:18","guid":{"rendered":"https:\/\/www.hbcvohand.fr\/?page_id=2149"},"modified":"2025-07-19T14:21:49","modified_gmt":"2025-07-19T12:21:49","slug":"handfit","status":"publish","type":"page","link":"https:\/\/www.hbcvohand.fr\/index.php\/handfit\/","title":{"rendered":"Handfit"},"content":{"rendered":"\n<p><strong>Ann\u00e9es de naissance <\/strong>:<br>Tout \u00e2ge<\/p>\n\n\n\n<p><strong>Entra\u00eeneurs :<\/strong> <br>Olivia Foti<\/p>\n\n\n\n<p><strong>Entra\u00eenement :<\/strong> <br><a href=\"https:\/\/www.hbcvohand.fr\/index.php\/planning-des-entrainements\/\" data-type=\"page\" data-id=\"2035\">Planning des entra\u00eenements 2025-2026<\/a><\/p>\n\n\n\n<figure class=\"wp-block-image size-full\"><img loading=\"lazy\" decoding=\"async\" width=\"678\" height=\"25\" src=\"https:\/\/www.hbcvohand.fr\/wp-content\/uploads\/2025\/07\/Contacts_HBCVO.png\" alt=\"\" class=\"wp-image-2160\" srcset=\"https:\/\/www.hbcvohand.fr\/wp-content\/uploads\/2025\/07\/Contacts_HBCVO.png 678w, https:\/\/www.hbcvohand.fr\/wp-content\/uploads\/2025\/07\/Contacts_HBCVO-300x11.png 300w\" sizes=\"auto, (max-width: 678px) 100vw, 678px\" \/><\/figure>\n\n\n\n<p><\/p>\n","protected":false},"excerpt":{"rendered":"<p>Ann\u00e9es de naissance :Tout \u00e2ge Entra\u00eeneurs : Olivia Foti Entra\u00eenement : Planning des entra\u00eenements 2025-2026<\/p>\n","protected":false},"author":1,"featured_media":0,"parent":0,"menu_order":0,"comment_status":"closed","ping_status":"closed","template":"","meta":{"footnotes":""},"class_list":["post-2149","page","type-page","status-publish","hentry"],"_links":{"self":[{"href":"https:\/\/www.hbcvohand.fr\/index.php\/wp-json\/wp\/v2\/pages\/2149","targetHints":{"allow":["GET"]}}],"collection":[{"href":"https:\/\/www.hbcvohand.fr\/index.php\/wp-json\/wp\/v2\/pages"}],"about":[{"href":"https:\/\/www.hbcvohand.fr\/index.php\/wp-json\/wp\/v2\/types\/page"}],"author":[{"embeddable":true,"href":"https:\/\/www.hbcvohand.fr\/index.php\/wp-json\/wp\/v2\/users\/1"}],"replies":[{"embeddable":true,"href":"https:\/\/www.hbcvohand.fr\/index.php\/wp-json\/wp\/v2\/comments?post=2149"}],"version-history":[{"count":2,"href":"https:\/\/www.hbcvohand.fr\/index.php\/wp-json\/wp\/v2\/pages\/2149\/revisions"}],"predecessor-version":[{"id":2171,"href":"https:\/\/www.hbcvohand.fr\/index.php\/wp-json\/wp\/v2\/pages\/2149\/revisions\/2171"}],"wp:attachment":[{"href":"https:\/\/www.hbcvohand.fr\/index.php\/wp-json\/wp\/v2\/media?parent=2149"}],"curies":[{"name":"wp","href":"https:\/\/api.w.org\/{rel}","templated":true}]}}