{"id":467,"date":"2020-09-01T18:48:29","date_gmt":"2020-09-01T16:48:29","guid":{"rendered":"http:\/\/idukjcc.cluster023.hosting.ovh.net\/?page_id=467"},"modified":"2025-07-19T14:20:09","modified_gmt":"2025-07-19T12:20:09","slug":"11-filles","status":"publish","type":"page","link":"https:\/\/www.hbcvohand.fr\/index.php\/11-filles\/","title":{"rendered":"-11 Filles (U11F)"},"content":{"rendered":"\n<p><strong>Ann\u00e9es de naissance :<\/strong> <br>2016-2015<\/p>\n\n\n\n<p><strong>Entra\u00eeneurs :<\/strong> <br>Pierre-Antoine Exbrayat ; Ema Py&#8211;Philippe ; Camille Py&#8211;Philippe ; Jules Delfils<\/p>\n\n\n\n<p><strong>Entra\u00eenement :<\/strong> <br><a href=\"https:\/\/www.hbcvohand.fr\/index.php\/planning-des-entrainements\/\" data-type=\"page\" data-id=\"2035\">Planning des entra\u00eenements 2025-2026<\/a><\/p>\n\n\n\n<figure class=\"wp-block-image size-full\"><img loading=\"lazy\" decoding=\"async\" width=\"678\" height=\"25\" src=\"https:\/\/www.hbcvohand.fr\/wp-content\/uploads\/2025\/07\/Contacts_HBCVO.png\" alt=\"\" class=\"wp-image-2160\" srcset=\"https:\/\/www.hbcvohand.fr\/wp-content\/uploads\/2025\/07\/Contacts_HBCVO.png 678w, https:\/\/www.hbcvohand.fr\/wp-content\/uploads\/2025\/07\/Contacts_HBCVO-300x11.png 300w\" sizes=\"auto, (max-width: 678px) 100vw, 678px\" \/><\/figure>\n\n\n\n<p><\/p>\n","protected":false},"excerpt":{"rendered":"<p>Ann\u00e9es de naissance : 2016-2015 Entra\u00eeneurs : Pierre-Antoine Exbrayat ; Ema Py&#8211;Philippe ; Camille Py&#8211;Philippe ; Jules Delfils Entra\u00eenement : Planning des entra\u00eenements 2025-2026<\/p>\n","protected":false},"author":1,"featured_media":0,"parent":0,"menu_order":0,"comment_status":"closed","ping_status":"closed","template":"","meta":{"footnotes":""},"class_list":["post-467","page","type-page","status-publish","hentry"],"_links":{"self":[{"href":"https:\/\/www.hbcvohand.fr\/index.php\/wp-json\/wp\/v2\/pages\/467","targetHints":{"allow":["GET"]}}],"collection":[{"href":"https:\/\/www.hbcvohand.fr\/index.php\/wp-json\/wp\/v2\/pages"}],"about":[{"href":"https:\/\/www.hbcvohand.fr\/index.php\/wp-json\/wp\/v2\/types\/page"}],"author":[{"embeddable":true,"href":"https:\/\/www.hbcvohand.fr\/index.php\/wp-json\/wp\/v2\/users\/1"}],"replies":[{"embeddable":true,"href":"https:\/\/www.hbcvohand.fr\/index.php\/wp-json\/wp\/v2\/comments?post=467"}],"version-history":[{"count":27,"href":"https:\/\/www.hbcvohand.fr\/index.php\/wp-json\/wp\/v2\/pages\/467\/revisions"}],"predecessor-version":[{"id":2162,"href":"https:\/\/www.hbcvohand.fr\/index.php\/wp-json\/wp\/v2\/pages\/467\/revisions\/2162"}],"wp:attachment":[{"href":"https:\/\/www.hbcvohand.fr\/index.php\/wp-json\/wp\/v2\/media?parent=467"}],"curies":[{"name":"wp","href":"https:\/\/api.w.org\/{rel}","templated":true}]}}