{"id":56,"date":"2019-10-16T12:22:27","date_gmt":"2019-10-16T10:22:27","guid":{"rendered":"http:\/\/localhost\/wordpress2p2\/?page_id=56"},"modified":"2025-07-19T14:21:16","modified_gmt":"2025-07-19T12:21:16","slug":"18-filles","status":"publish","type":"page","link":"https:\/\/www.hbcvohand.fr\/index.php\/18-filles\/","title":{"rendered":"-18 Filles (U18F)"},"content":{"rendered":"\n<p><strong>Ann\u00e9es de naissance :<\/strong><br>2010-2009-2008<\/p>\n\n\n\n<p><strong>Entra\u00eeneurs :<\/strong><br>Bastien Chauvin ; Camille Chartier ; Christian Steck<\/p>\n\n\n\n<p><strong>Entra\u00eenements :<\/strong><br><a href=\"https:\/\/www.hbcvohand.fr\/index.php\/planning-des-entrainements\/\" data-type=\"page\" data-id=\"2035\">Planning des entra\u00eenements 2025-2026<\/a><\/p>\n\n\n\n<figure class=\"wp-block-image size-full\"><img loading=\"lazy\" decoding=\"async\" width=\"678\" height=\"25\" src=\"https:\/\/www.hbcvohand.fr\/wp-content\/uploads\/2025\/07\/Contacts_HBCVO.png\" alt=\"\" class=\"wp-image-2160\" srcset=\"https:\/\/www.hbcvohand.fr\/wp-content\/uploads\/2025\/07\/Contacts_HBCVO.png 678w, https:\/\/www.hbcvohand.fr\/wp-content\/uploads\/2025\/07\/Contacts_HBCVO-300x11.png 300w\" sizes=\"auto, (max-width: 678px) 100vw, 678px\" \/><\/figure>\n\n\n\n<div style=\"height:57px\" aria-hidden=\"true\" class=\"wp-block-spacer\"><\/div>\n\n\n\n<figure class=\"wp-block-gallery has-nested-images columns-default is-cropped wp-block-gallery-1 is-layout-flex wp-block-gallery-is-layout-flex\">\n<figure class=\"wp-block-image size-large\"><img loading=\"lazy\" decoding=\"async\" width=\"1024\" height=\"762\" data-id=\"1934\" src=\"https:\/\/www.hbcvohand.fr\/wp-content\/uploads\/2024\/09\/18FA-1-1024x762.jpg\" alt=\"\" class=\"wp-image-1934\" srcset=\"https:\/\/www.hbcvohand.fr\/wp-content\/uploads\/2024\/09\/18FA-1-1024x762.jpg 1024w, https:\/\/www.hbcvohand.fr\/wp-content\/uploads\/2024\/09\/18FA-1-300x223.jpg 300w, https:\/\/www.hbcvohand.fr\/wp-content\/uploads\/2024\/09\/18FA-1-768x571.jpg 768w, https:\/\/www.hbcvohand.fr\/wp-content\/uploads\/2024\/09\/18FA-1.jpg 1063w\" sizes=\"auto, (max-width: 1024px) 100vw, 1024px\" \/><\/figure>\n<\/figure>\n\n\n\n<p><\/p>\n","protected":false},"excerpt":{"rendered":"<p>Ann\u00e9es de naissance :2010-2009-2008 Entra\u00eeneurs :Bastien Chauvin ; Camille Chartier ; Christian Steck Entra\u00eenements :Planning des entra\u00eenements 2025-2026<\/p>\n","protected":false},"author":2,"featured_media":0,"parent":0,"menu_order":0,"comment_status":"closed","ping_status":"closed","template":"","meta":{"footnotes":""},"class_list":["post-56","page","type-page","status-publish","hentry"],"_links":{"self":[{"href":"https:\/\/www.hbcvohand.fr\/index.php\/wp-json\/wp\/v2\/pages\/56","targetHints":{"allow":["GET"]}}],"collection":[{"href":"https:\/\/www.hbcvohand.fr\/index.php\/wp-json\/wp\/v2\/pages"}],"about":[{"href":"https:\/\/www.hbcvohand.fr\/index.php\/wp-json\/wp\/v2\/types\/page"}],"author":[{"embeddable":true,"href":"https:\/\/www.hbcvohand.fr\/index.php\/wp-json\/wp\/v2\/users\/2"}],"replies":[{"embeddable":true,"href":"https:\/\/www.hbcvohand.fr\/index.php\/wp-json\/wp\/v2\/comments?post=56"}],"version-history":[{"count":19,"href":"https:\/\/www.hbcvohand.fr\/index.php\/wp-json\/wp\/v2\/pages\/56\/revisions"}],"predecessor-version":[{"id":2168,"href":"https:\/\/www.hbcvohand.fr\/index.php\/wp-json\/wp\/v2\/pages\/56\/revisions\/2168"}],"wp:attachment":[{"href":"https:\/\/www.hbcvohand.fr\/index.php\/wp-json\/wp\/v2\/media?parent=56"}],"curies":[{"name":"wp","href":"https:\/\/api.w.org\/{rel}","templated":true}]}}