{"id":57,"date":"2019-10-16T12:22:27","date_gmt":"2019-10-16T10:22:27","guid":{"rendered":"http:\/\/localhost\/wordpress2p2\/?page_id=57"},"modified":"2025-07-19T14:35:33","modified_gmt":"2025-07-19T12:35:33","slug":"18-garcons","status":"publish","type":"page","link":"https:\/\/www.hbcvohand.fr\/index.php\/18-garcons\/","title":{"rendered":"-18 Gar\u00e7ons (U18G)"},"content":{"rendered":"\n<p><strong>Ann\u00e9es de naissance :<\/strong><br>2010-2009-2008<\/p>\n\n\n\n<p><strong>Entra\u00eeneurs :<\/strong><br>Luc Delfils ; Noah Darcos<\/p>\n\n\n\n<p><strong>Entra\u00eenements :<\/strong><br><a href=\"https:\/\/www.hbcvohand.fr\/index.php\/planning-des-entrainements\/\" data-type=\"page\" data-id=\"2035\">Planning des entra\u00eenements 2025-2026<\/a><\/p>\n\n\n\n<figure class=\"wp-block-image size-full\"><img loading=\"lazy\" decoding=\"async\" width=\"678\" height=\"25\" src=\"https:\/\/www.hbcvohand.fr\/wp-content\/uploads\/2025\/07\/Contacts_HBCVO.png\" alt=\"\" class=\"wp-image-2160\" srcset=\"https:\/\/www.hbcvohand.fr\/wp-content\/uploads\/2025\/07\/Contacts_HBCVO.png 678w, https:\/\/www.hbcvohand.fr\/wp-content\/uploads\/2025\/07\/Contacts_HBCVO-300x11.png 300w\" sizes=\"auto, (max-width: 678px) 100vw, 678px\" \/><\/figure>\n\n\n\n<div style=\"height:40px\" aria-hidden=\"true\" class=\"wp-block-spacer\"><\/div>\n\n\n\n<figure class=\"wp-block-image size-large\"><img loading=\"lazy\" decoding=\"async\" width=\"1024\" height=\"636\" src=\"https:\/\/www.hbcvohand.fr\/wp-content\/uploads\/2024\/09\/18MA-1024x636.jpg\" alt=\"\" class=\"wp-image-1968\" srcset=\"https:\/\/www.hbcvohand.fr\/wp-content\/uploads\/2024\/09\/18MA-1024x636.jpg 1024w, https:\/\/www.hbcvohand.fr\/wp-content\/uploads\/2024\/09\/18MA-300x186.jpg 300w, https:\/\/www.hbcvohand.fr\/wp-content\/uploads\/2024\/09\/18MA-768x477.jpg 768w, https:\/\/www.hbcvohand.fr\/wp-content\/uploads\/2024\/09\/18MA-1536x953.jpg 1536w, https:\/\/www.hbcvohand.fr\/wp-content\/uploads\/2024\/09\/18MA.jpg 1648w\" sizes=\"auto, (max-width: 1024px) 100vw, 1024px\" \/><\/figure>\n\n\n\n<p><\/p>\n","protected":false},"excerpt":{"rendered":"<p>Ann\u00e9es de naissance :2010-2009-2008 Entra\u00eeneurs :Luc Delfils ; Noah Darcos Entra\u00eenements :Planning des entra\u00eenements 2025-2026<\/p>\n","protected":false},"author":2,"featured_media":0,"parent":0,"menu_order":0,"comment_status":"closed","ping_status":"closed","template":"","meta":{"footnotes":""},"class_list":["post-57","page","type-page","status-publish","hentry"],"_links":{"self":[{"href":"https:\/\/www.hbcvohand.fr\/index.php\/wp-json\/wp\/v2\/pages\/57","targetHints":{"allow":["GET"]}}],"collection":[{"href":"https:\/\/www.hbcvohand.fr\/index.php\/wp-json\/wp\/v2\/pages"}],"about":[{"href":"https:\/\/www.hbcvohand.fr\/index.php\/wp-json\/wp\/v2\/types\/page"}],"author":[{"embeddable":true,"href":"https:\/\/www.hbcvohand.fr\/index.php\/wp-json\/wp\/v2\/users\/2"}],"replies":[{"embeddable":true,"href":"https:\/\/www.hbcvohand.fr\/index.php\/wp-json\/wp\/v2\/comments?post=57"}],"version-history":[{"count":18,"href":"https:\/\/www.hbcvohand.fr\/index.php\/wp-json\/wp\/v2\/pages\/57\/revisions"}],"predecessor-version":[{"id":2179,"href":"https:\/\/www.hbcvohand.fr\/index.php\/wp-json\/wp\/v2\/pages\/57\/revisions\/2179"}],"wp:attachment":[{"href":"https:\/\/www.hbcvohand.fr\/index.php\/wp-json\/wp\/v2\/media?parent=57"}],"curies":[{"name":"wp","href":"https:\/\/api.w.org\/{rel}","templated":true}]}}